{"id":39,"date":"2024-08-29T20:39:43","date_gmt":"2024-08-29T20:39:43","guid":{"rendered":"http:\/\/www.moeglichraum.ch\/Steinzeitbirnen\/?page_id=39"},"modified":"2024-11-28T16:10:33","modified_gmt":"2024-11-28T16:10:33","slug":"literaturverzeichnis","status":"publish","type":"page","link":"https:\/\/steinzeitbirnen.moeglichraum.ch\/index.php\/literaturverzeichnis\/","title":{"rendered":"Literaturverzeichnis"},"content":{"rendered":"\n<p><\/p>\n\n\n\n<ul class=\"wp-block-list\">\n<li>Baumgartner, Sybille; Geiger, Sabine (2015): Empathie als Schl\u00fcssel \u2013 Gewaltfreie Kommunikation in psychologischen Berufen, Basel: Beltz.<\/li>\n\n\n\n<li>Brody, A,L,; London, E.D.; Olmstead, R.E.; Allen- Martinez, Z.; Suhlenberger, S.; Costello, M.R. et al. (2010). Smoking induced change in intrasynaptic dopamine concentration: effect of treatment for tobacco dependence. Psychiatry research, 183, 218-224.<\/li>\n\n\n\n<li>Brody, A.L.; London, E.D.; Olmstead, R.E.; Allen- Martinez, Z.; Suhlenberger, S.; Costello, M.R. et al. (2010). Smoking induced change in intrasynaptic dopamine concentration: effect of treatment for tobacco dependence. In: Psychiatry research, 183, Seite 218-224.<\/li>\n\n\n\n<li>Damasio, Antonio (2010): Descartes\u2019 Irrtum: F\u00fchlen, Denken und das menschliche Gehirn- Auflage. Berlin: List\/ Ullstein.<\/li>\n\n\n\n<li>Damasio, Antonio (2011): Der Spinoza-Effekt: Wie Gef\u00fchle unser Leben bestimmen. 6. Auflage. Berlin: List\/ Ullstein.<\/li>\n\n\n\n<li>Damasio, Antonio (2013): Selbst ist der Mensch. M\u00fcnchen: Pantheon Verlag.<\/li>\n\n\n\n<li>Dawson, G.; Rodgers, S. (2014): Fr\u00fchintervention f\u00fcr Kinder mit Autismus. Bern: Verlag Hans Huber, Hogrefe AG.<\/li>\n\n\n\n<li>Dehanae, Stanislas; Naccache, Lionel (2001): Towards a cognitive neuroscience of consciousness. Basic evidence and a workspace framework. In: Cognition 79 (2001) S. 1 \u2013 37. Amsterdam: Elsevier.<\/li>\n\n\n\n<li>Deiters, Nadine (2009): Grundlagen der Bindungstheorie. Universit\u00e4t Bielefeld, Studienarbeit. M\u00fcnchen: GRIN Publishing.<\/li>\n\n\n\n<li>D\u00f6rner, Dietrich; Bartl, Christina; Detje, Frank; Gerdes, J\u00fcrgen; Halcour, Dorothee; Schaub, Harald; Starker, Ulrike (2002): Die Mechanik des Seelenwagens. G\u00f6ttingen: Hogrefe.<\/li>\n\n\n\n<li>Dunning, D; Kruger, J (1999): Unskilled and unaware of it. How difficulties in recognizing one\u2019s own incompetence lead to inflated self assessments. In: Journal of Personality and Social Psychology, Vol. 77, Nr. 6, S. 1121 \u2013 1134.<br>376<\/li>\n\n\n\n<li>Durstewitz, D.; Seamans, J.K.: The computational role of dopamine D1 receptors in working memory. In: Neural Networks 15 (2002), 561 \u2013 572. Amsterdam: Elsevier.<\/li>\n\n\n\n<li>Gigerenzer, Gerd (2007): Bauchentscheidungen. M\u00fcnchen: Goldmann Verlag.<\/li>\n\n\n\n<li>G\u00f6ttl, Christoph (2015): Die innere und \u00e4u\u00dfere B\u00fchne struktureller Gewalt. Youtube: https:\/\/www.youtube.com\/watch?v=dV8Fpw-SQbA<\/li>\n\n\n\n<li>G\u00f6ttl, Christoph (2016): Von S\u00e4ugetierinstinkten und Bindungstraumata. Youtube: https:\/\/www.youtube.com\/watch?v=iIr_3m-XgCI<\/li>\n\n\n\n<li>G\u00fcnt\u00fcrk\u00fcn, Onur (2014): Extinktionslernen. Youtube https:\/\/www.youtube.com\/watch?v=6y_LjbhZyJU<\/li>\n\n\n\n<li>G\u00fcnt\u00fcrk\u00fcn, Onur (2014): Extinktionslernen. Youtube: https:\/\/www.youtube.com\/watch?v=6y_LjbhZyJU<\/li>\n\n\n\n<li>G\u00fcnt\u00fcrk\u00fcn, Onur (2016\/1): Die Entstehung von Emotionen. Youtube: https:\/\/www.youtube.com\/watch?v=Gq4GlaAf_1A<\/li>\n\n\n\n<li>G\u00fcnt\u00fcrk\u00fcn, Onur (2016\/1): Linkes Hirn \u2013 Rechtes Hirn. Youtube: https:\/\/www.youtube.com\/watch?v=Y9vla9M-zm8<\/li>\n\n\n\n<li>G\u00fcnt\u00fcrk\u00fcn, Onur (2016\/2): Lernen und Erinnern. Youtube: https:\/\/www.youtube.com\/watch?v=Y_7U3rqI1X4<\/li>\n\n\n\n<li>G\u00fcnt\u00fcrk\u00fcn, Onur (2016\/2): Wann lernen wir gut? Youtube: https:\/\/www.youtube.com\/watch?v=73QVVcG2cl0<\/li>\n\n\n\n<li>G\u00fcnt\u00fcrk\u00fcn, Onur (2019): Biologische Psychologie. G\u00f6ttingen: Hogrefe Verlag.<\/li>\n\n\n\n<li>Herschkowitz, Norbert; Spitzer, Manfred (2019): Wie Kinder denken lernen. M\u00fcnchen: mvgVerlag.<\/li>\n\n\n\n<li>H\u00fcther, Gerald (2012): Discover your potential \u2013 Entrepreneurship Summit. Youtube: https:\/\/www.youtube.com\/watch?v=4CaWKQmPQFI<\/li>\n\n\n\n<li>H\u00fcther, Gerald (2019): W\u00fcrde \u2013 Was uns stark macht. Youtube: https:\/\/www.youtube.com\/watch?v=J3kah2fcnuw<\/li>\n\n\n\n<li>H\u00fcther, Gerald (2018\/1): Bedienungsanleitung f\u00fcr ein menschliches Gehirn. G\u00f6ttingen: Vandenhoeck und Ruprecht.<\/li>\n\n\n\n<li>H\u00fcther, Gerald (2018\/2): \u00dcber die Kunst, vom Mitarbeiter zum Gestalter werden. Youtube: https:\/\/www.youtube.com\/watch?v=aLL7xOKf0iw377<\/li>\n\n\n\n<li>Hutz, Matthias im Interview (2008): Fehler: nicht normal? In: At Work (Herbst\/Winter 2008), S. 3-5. Braunschweig: Diesterweg Verlag.<\/li>\n\n\n\n<li>Iacobini, Marco; Dapretto, Mirella (2007): The mirror neuron system and the consequence of ist dysfunction. Nature Reviews Neuroscience, S. 942 \u2013 951.<\/li>\n\n\n\n<li>Iacoboni, Marco (2006): Understanding others: Imitation, language, empathy. In: S. Hurley, N. CHater (Hrsg.): Perspectives on imitation: From mirror neurons to memes: Vol. 1. Mechanisms of imitation and imitation in animals. Cambridge, MA: MIT Press.<\/li>\n\n\n\n<li>Jegotka, Renate; Luitjens, Peter (2016): Systemische Traumap\u00e4dagogik. G\u00f6ttingen: Vandenhoek und Ruprecht.<\/li>\n\n\n\n<li>Kastner, Heidi (2021): Dummheit. Wien: Kremayr und Scheriau.<\/li>\n\n\n\n<li>Kruse, Peter (2008\/1): Wie reagieren Menschen auf wachsende Komplexit\u00e4t? Youtube: https:\/\/www.youtube.com\/watch?v=m3QqDOeSahU<\/li>\n\n\n\n<li>Kruse, Peter (2008\/2): Lernprozesse in komplexen Systemen (2008\/2) https:\/\/www.youtube.com\/watch?v=bkfmGufXbSc<\/li>\n\n\n\n<li>LaBerge, S.; Baird, B.; Zimbardo, P. (2018): Smooth tracking of visual targets distinguishes lucid REM sleep dreaming and waking perception from imagination. Nature Communications volume 9, Article number: 3298<\/li>\n\n\n\n<li>Lippmann, E., Pfister, A., &amp; J\u00f6rg, U. (Hrsg.). (2018). Handbuch angewandte Psychologie f\u00fcr F\u00fchrungskr\u00e4fte: F\u00fchrungskompetenz und F\u00fchrungswissen. Berlin: Springer-Verlag. Band l &amp; II<\/li>\n\n\n\n<li>MacLean, Paul (1990): The Triune Brain in Evolutuion: Role in Paleocerebral Functions. Berlin: Springer Science and Business Media,<\/li>\n\n\n\n<li>Mat\u00e9, Gabor (2021): Im Reich der hungrigen Geister. Auf Tuchf\u00fchlung mit der Sucht \u2013 Stimmen aus Forchung, Praxis und Gesellschaft. Kandern: Naraya Verlag, 2021<\/li>\n\n\n\n<li>Max Plank Gesellschaft (2016): Gehirngr\u00f6sse: Minimutation mit riesigen Folgen. Berlin: Humanistischer Pressedienst hpd. https:\/\/hpd.de\/artikel\/gehirngroesse-mini-mutation-riesigen-folgen-13870<\/li>\n\n\n\n<li>Mischel, W.; Ayduk, O.; Berman, M.G.; Casey, B.J.; Gotlib, I.H.; Jonides, J.; Kross, E.; Teslovich, T.; Wilson, N.; Zayas, V.; Yuichi Shoda, Y. (2011): \u2018Willpower\u2019 over the life span: decomposing self-regulation. In: Social cognitive and affective neuroscience, Apr 2011; Seite 252\u2013256.<br>378<\/li>\n\n\n\n<li>Naccache, Lionel (2020): Le cin\u00e9ma int\u00e9rieur : Projection priv\u00e9e au coeur de la conscience. Paris: Odile Jacob \u00c9ditions.<\/li>\n\n\n\n<li>Olds, James (1955): \u00abReward\u00bb from brain stimulation in the rat. Washington: Science, S. 122, 878.<\/li>\n\n\n\n<li>Piaget, Jean (1986): Sprechen und Denken des Kindes. Berlin: Ullstein Taschenbuchverlag.<br>Remschmidt, Helmut (2008): Autismus: Erscheinungsformen, Ursachen, Hilfen. M\u00fcnchen: Verlag C.H. Beck.<\/li>\n\n\n\n<li>Riemann, Fritz (2013): Grundformen der Angst. 41. Auflage. M\u00fcnchen: Ernst Reinhardt.<\/li>\n\n\n\n<li>Robbins, Jeffrey (Hrsg.) (2012): Richard P. Feynman: Es ist so einfach: Vom Vergn\u00fcgen, Dinge zu entdecken. M\u00fcnchen: Piper Verlag<\/li>\n\n\n\n<li>Rollett, Brigitte; Kastner- Koller, Ursula (2001): Autismus \u2013 Ein Leitfaden f\u00fcr Eltern, Erzieher, Lehrer und Therapeuten. M\u00fcnchen, Jena: Urban und Fischer.<\/li>\n\n\n\n<li>Roschk, Steffen (2022): Herausgeber von Zitate.net<\/li>\n\n\n\n<li>Sapolsky, R. (2004). Why Zebra\u2019s don\u2019t get ulcers. New York: Holt Paperbacks.<\/li>\n\n\n\n<li>Sapolsky, Robert (2011\/1): Language. Stanford: University Lecture. Youtube: https:\/\/www.youtube.com\/watch?v=SIOQgY1tqrU&amp;t=5s<\/li>\n\n\n\n<li>Sapolsky, Robert (2011\/2): Limbic System. Stanford: University Lecture. Youtube: https:\/\/www.youtube.com\/watch?v=CAOnSbDSaOw<\/li>\n\n\n\n<li>Sapolsky, Robert (2011\/3): Humansexual behaviour 4 and Aggression 1. Stanford: University lecture. Youtube: https:\/\/www.youtube.com\/watch?v=JPYmarGO5jM&amp;t=5095s<\/li>\n\n\n\n<li>Sapolsky, Robert (2011\/4): Aggression 2. Stanford: University Lecture. Youtube: https:\/\/www.youtube.com\/watch?v=wLE71i4JJiM<\/li>\n\n\n\n<li>Sapolsky, Robert (2011\/5): Agression 3. Stanford: University Lecture. Youtube: https:\/\/www.youtube.com\/watch?v=EtVfoIkVSu8<\/li>\n\n\n\n<li>Sapolsky, Robert (2011\/6): Aggression 4. Stanford: University Lecture. Youtube: https:\/\/www.youtube.com\/watch?v=BqP4_4kr7-0&amp;t=3731s<\/li>\n\n\n\n<li>Sapolsky, Robert (2011\/7): Emergence and Complexity. Stanford: University Lecture. Youtube: https:\/\/www.youtube.com\/watch?v=o_ZuWbX-CyE&amp;t=1373s<br>379<\/li>\n\n\n\n<li>Sapolsky, Robert (2017): Behave. Random House. \uf02d Sperling, G. (1960). The information available in brief visual presentations. Psychological Monographs: General and Applied, 74(11), 1\u201329.<\/li>\n\n\n\n<li>Spitzer, Manfred (2012): Digitale Demenz. M\u00fcnchen: Droemer Verlag.<br>Sterling, Stephen (2011).: Transformative Learning and Sustainability: sketching the conceptual ground. Learning and teaching in higher Education, Issue 5, 2010 \u2013 11, S. 17 \u2013 33<\/li>\n\n\n\n<li>Vinopal, Lauren (2019): \u201eHow screen time creates kid dopamine addicts with bad habits\u201c Internet: Fatherly.com\/Health&amp;sience\/Neuroscience.<br>Volume 79, Issues 1\u20132, April 2001, Seite 1-37<\/li>\n\n\n\n<li>Von Thun, Schulz (2021\/1): Das Kommunikationsquadrat. Hamburg: Schulz von Thun Institut. https:\/\/www.schulz-von-thun.de\/die-modelle\/das-kommunikationsquadrat<\/li>\n\n\n\n<li>Von Thun, Schulz (2021\/2): Das Situationsmodell. Hamburg; Schulz von Thun Institut. https:\/\/www.schulz-von-thun.de\/modelle\/das-situationsmodell<\/li>\n\n\n\n<li>Wakerley, J.B.; Terenzi, M.G.; Housham, S.J.; Jiang, Q.B.; Ingram, C.D. (1998): Electrophysiological effects of oxytocin within the bed nuclei oft he stria terminalis: Influence of reproductive stage and ovarian steroids. Progressive Brain Research, Issue 119, Seite 321 \u2013 34<\/li>\n\n\n\n<li>Weinstein, A.; Livny, A; Weizman, A (2017): New developments in brain research of internet and gaming disorder. In: Neuroscience &amp; Biobehavioral Reviews, Volume 75, April 2017, Seite 314-330.<\/li>\n<\/ul>\n","protected":false},"excerpt":{"rendered":"","protected":false},"author":1,"featured_media":0,"parent":0,"menu_order":0,"comment_status":"closed","ping_status":"closed","template":"","meta":{"footnotes":""},"class_list":["post-39","page","type-page","status-publish","hentry"],"_links":{"self":[{"href":"https:\/\/steinzeitbirnen.moeglichraum.ch\/index.php\/wp-json\/wp\/v2\/pages\/39","targetHints":{"allow":["GET"]}}],"collection":[{"href":"https:\/\/steinzeitbirnen.moeglichraum.ch\/index.php\/wp-json\/wp\/v2\/pages"}],"about":[{"href":"https:\/\/steinzeitbirnen.moeglichraum.ch\/index.php\/wp-json\/wp\/v2\/types\/page"}],"author":[{"embeddable":true,"href":"https:\/\/steinzeitbirnen.moeglichraum.ch\/index.php\/wp-json\/wp\/v2\/users\/1"}],"replies":[{"embeddable":true,"href":"https:\/\/steinzeitbirnen.moeglichraum.ch\/index.php\/wp-json\/wp\/v2\/comments?post=39"}],"version-history":[{"count":4,"href":"https:\/\/steinzeitbirnen.moeglichraum.ch\/index.php\/wp-json\/wp\/v2\/pages\/39\/revisions"}],"predecessor-version":[{"id":120,"href":"https:\/\/steinzeitbirnen.moeglichraum.ch\/index.php\/wp-json\/wp\/v2\/pages\/39\/revisions\/120"}],"wp:attachment":[{"href":"https:\/\/steinzeitbirnen.moeglichraum.ch\/index.php\/wp-json\/wp\/v2\/media?parent=39"}],"curies":[{"name":"wp","href":"https:\/\/api.w.org\/{rel}","templated":true}]}}