{"id":35,"date":"2024-08-29T20:39:43","date_gmt":"2024-08-29T20:39:43","guid":{"rendered":"http:\/\/www.moeglichraum.ch\/Steinzeitbirnen\/?page_id=35"},"modified":"2024-11-13T09:11:19","modified_gmt":"2024-11-13T09:11:19","slug":"startseite","status":"publish","type":"page","link":"https:\/\/steinzeitbirnen.moeglichraum.ch\/","title":{"rendered":"Was sind denn \u00abSteinzeitbirnen\u00bb?"},"content":{"rendered":"\n<p><br>Wir Menschen gehen gerne davon aus, dass wir die Urheber unserer eigenen Gedanken sind. Wir haben die Kontrolle, was wir denken und f\u00fchlen. Doch dieses Selbstverst\u00e4ndnis befindet sich seit einigen Jahren in einem grossen Umbruch: Die Forschung kann mittlerweile wunderbar beschreiben, wie unser Gehirn arbeitet und ein wichtiges Ergebnis dabei lautet: Bevor unser Grosshirn \u2013 wo die Vernunft lokalisiert wird &#8211; \u00fcberhaupt zu arbeiten beginnt, arbeiten Gehirnteile, die entstehungsgeschichtlich wesentlich \u00e4lter sind. Das Erbe der Steinzeitmenschen ist in unserem Gehirn aktiv!<br>Diese Erkenntnis hat einige Auswirkungen auf den Umgang mit Menschen: Betrachten wir doch einmal die Bed\u00fcrfnisse dieser \u00abSteinzeitbirnen\u00bb und untersuchen, welchen Einfluss sie noch heute auf das Verhalten haben. Was hat dieses Verhalten f\u00fcr einen Einfluss auf die Interaktion von Menschen untereinander?<br>In meiner Arbeit treffe ich oft auf Teams, in denen grosse Spannungen und Konflikte herrschen. \u00dcblicherweise konzentriert man sich darauf, auf der Sachebene L\u00f6sungen zu finden, um das Team wieder arbeitsf\u00e4hig zu machen. Wechselt man in die Perspektive der \u00abSteinzeitbirnen\u00bb wird jedoch klar, dass es oft um andere Themen geht, als das, was an der Oberfl\u00e4che sichtbar ist.<\/p>\n\n\n\n<p><\/p>\n","protected":false},"excerpt":{"rendered":"<p>Wir Menschen gehen gerne davon aus, dass wir die Urheber unserer eigenen Gedanken sind. Wir haben die Kontrolle, was wir denken und f\u00fchlen. Doch dieses Selbstverst\u00e4ndnis befindet sich seit einigen Jahren in einem grossen Umbruch: Die Forschung kann mittlerweile wunderbar beschreiben, wie unser Gehirn arbeitet und ein wichtiges Ergebnis dabei lautet: Bevor unser Grosshirn \u2013 &hellip; <\/p>\n<p class=\"link-more\"><a href=\"https:\/\/steinzeitbirnen.moeglichraum.ch\/\" class=\"more-link\"><span class=\"screen-reader-text\">\u201eWas sind denn \u00abSteinzeitbirnen\u00bb?\u201c<\/span> weiterlesen<\/a><\/p>\n","protected":false},"author":1,"featured_media":0,"parent":0,"menu_order":0,"comment_status":"closed","ping_status":"closed","template":"","meta":{"footnotes":""},"class_list":["post-35","page","type-page","status-publish","hentry"],"_links":{"self":[{"href":"https:\/\/steinzeitbirnen.moeglichraum.ch\/index.php\/wp-json\/wp\/v2\/pages\/35","targetHints":{"allow":["GET"]}}],"collection":[{"href":"https:\/\/steinzeitbirnen.moeglichraum.ch\/index.php\/wp-json\/wp\/v2\/pages"}],"about":[{"href":"https:\/\/steinzeitbirnen.moeglichraum.ch\/index.php\/wp-json\/wp\/v2\/types\/page"}],"author":[{"embeddable":true,"href":"https:\/\/steinzeitbirnen.moeglichraum.ch\/index.php\/wp-json\/wp\/v2\/users\/1"}],"replies":[{"embeddable":true,"href":"https:\/\/steinzeitbirnen.moeglichraum.ch\/index.php\/wp-json\/wp\/v2\/comments?post=35"}],"version-history":[{"count":3,"href":"https:\/\/steinzeitbirnen.moeglichraum.ch\/index.php\/wp-json\/wp\/v2\/pages\/35\/revisions"}],"predecessor-version":[{"id":86,"href":"https:\/\/steinzeitbirnen.moeglichraum.ch\/index.php\/wp-json\/wp\/v2\/pages\/35\/revisions\/86"}],"wp:attachment":[{"href":"https:\/\/steinzeitbirnen.moeglichraum.ch\/index.php\/wp-json\/wp\/v2\/media?parent=35"}],"curies":[{"name":"wp","href":"https:\/\/api.w.org\/{rel}","templated":true}]}}