{"id":3,"date":"2024-08-20T14:22:53","date_gmt":"2024-08-20T14:22:53","guid":{"rendered":"http:\/\/www.moeglichraum.ch\/Steinzeitbirnen\/?page_id=3"},"modified":"2024-12-06T11:28:58","modified_gmt":"2024-12-06T11:28:58","slug":"privacy-policy","status":"publish","type":"page","link":"https:\/\/steinzeitbirnen.moeglichraum.ch\/index.php\/privacy-policy\/","title":{"rendered":"Datenschutzerkl\u00e4rung"},"content":{"rendered":"\n<h2 class=\"wp-block-heading\"><\/h2>\n\n\n\n<p>Die Website Adresse lautet: www.steinzeitbirnen.moeglichraum.ch<\/p>\n\n\n\n<h2 class=\"wp-block-heading\">Kommentare<\/h2>\n\n\n\n<p><\/p>\n\n\n\n<p>Wenn Besucher Kommentare auf dieser Seite hinterlassen, sammeln wir die eingegebenen Daten und die IP Adresse der Besucher und den &#8222;browser user agent string&#8220;, um Spam identifizieren zu k\u00f6nnen.<\/p>\n\n\n\n<p>Gravatar Service<\/p>\n\n\n\n<p><em>An anonymized string created from your email address (also called a hash) may be provided to the Gravatar service to see if you are using it. The Gravatar service privacy policy is available here: https:\/\/automattic.com\/privacy\/. After approval of your comment, your profile picture is visible to the public in the context of your comment.<\/em><\/p>\n\n\n\n<h2 class=\"wp-block-heading\">Medien<\/h2>\n\n\n\n<p>Wenn Sie Bilder auf die Website hochladen, vermeiden Sie bitte Bilder mit eingebetteten Ortsangaben (EXIF GPS). Besucher k\u00f6nnen jede Ortsangabe von Bildern herunterladen und extrahieren.<\/p>\n\n\n\n<h2 class=\"wp-block-heading\">Cookies<\/h2>\n\n\n\n<p>Wenn Sie einen Kommentar hinterlassen, geben Sie Ihr Einverst\u00e4ndnis dass Ihr Name, Ihre E-mail Adresse und Ihre Website in Cookies gespeichert werden. Diese dienen Ihrem Komfort, so dass Sie nicht wieder alle Daten eingeben m\u00fcssen, wenn Sie das n\u00e4chste Mal einen Kommentar hinterlassen m\u00f6chten. Die Cookies sind f\u00fcr ein Jahr g\u00fcltig.<\/p>\n\n\n\n<p>Wenn Sie unsere Login Seite besuchen, werden wir ein tempor\u00e4res Cookie einsetzen, um festzustellen, ob Ihr Browser Cookies akzeptiert. Dieses Cookie enth\u00e4lt keine pers\u00f6nlichen Daten und wird gel\u00f6scht, wenn Sie den Browser schliessen.<\/p>\n\n\n\n<p>Wenn Sie sich einloggen, werden mehrere Cookies eingesetzt, um Ihre Login Informationen und Ihre Bildschirm Anzeigeeinstellungen zu speichern. Login cookies sind zwei Tage lang g\u00fcltig und Bildschirm Cookies sind f\u00fcr ein Jahr g\u00fcltig. Wenn Sie &#8222;Erinnere mich&#8220; ausw\u00e4hlen, der Login bleibt f\u00fcr zwei Wochen erhalten. Wenn Sie sich aus Ihrem Account ausloggen, wird das login Cookie gel\u00f6scht.<\/p>\n\n\n\n<p>Wenn Sie einen Artikel ver\u00f6ffentlichen, wird ein weiteres Cookie in Ihrem Browser gespeichert. Dieses Cookie enth\u00e4lt keine pers\u00f6nlichen Daten und enth\u00e4lt nur die ID des Posts von Ihrem Artikel. Das Cookie erl\u00f6scht nach einem Tag.<\/p>\n\n\n\n<h2 class=\"wp-block-heading\">Eingebettete Inhalte von anderen Webseiten<\/h2>\n\n\n\n<p>Artikel auf dieser Seite k\u00f6nnen eingebettete Inhalte von anderen Webseiten enthalten. Eingebettete inhalte benehmen sich in genau der gleichen Art und Weise, wie wenn Sie die andere Website besuchen<\/p>\n\n\n\n<p>Diese eingebetteten Websites k\u00f6nnen Daten \u00fcber Sie sammeln, Cookies einsetzen oder Tracking durch Dritte. Sie k\u00f6nnten Ihre Interaktion mit dem eingebetten Inhalt \u00fcberwachen, wenn Sie einen Account haben und auf der Seite eingeloggt sind. <\/p>\n\n\n\n<h2 class=\"wp-block-heading\">Mit wem wir Daten teilen<\/h2>\n\n\n\n<p>Wenn Sie eine Passwort R\u00fccksetzung w\u00fcnschen, wird Ihre IP Adresse in der E-mail zur R\u00fccksetzung beinhaltet sein.<\/p>\n\n\n\n<h2 class=\"wp-block-heading\">Wie lange werden Ihre Daten gespeichert?<\/h2>\n\n\n\n<p>Wenn Sie einen Kommentar hinterlassen, werden diese Daten und die Metadaten ohne Ablaufdatum gespeichert. Das ist, um nachfolgende Kommentare erkennen und genehmigen zu k\u00f6nnen, anstatt sie in einer Moderations &#8211; Wartereihe zu behalten.<\/p>\n\n\n\n<p>Wenn sich Benutzer auf unserer Website registrieren, speichern wir die pers\u00f6nlichen Informationen, die sie angeben. Alle Nutzer k\u00f6nnen zu jeder Zeit ihre pers\u00f6nlichen Daten einsehen, editieren und l\u00f6schen. Ausnahme: Sie k\u00f6nnen den Nutzernamen nicht selbst \u00e4ndern. Website Administratoren k\u00f6nnen auch Nutzernamen sehen und editieren.<\/p>\n\n\n\n<h2 class=\"wp-block-heading\">Ihre Rechte \u00fcber Ihre Daten<\/h2>\n\n\n\n<p>Wenn Sie einen Account auf dieser Seite haben, oder Kommentare hinterlassen haben, haben Sie das Recht, eine exportierte Datei mit ihren pers\u00f6nlichen Daten, die wir gespeichert haben, anzufordern. Sie k\u00f6nnen ebenfalls fordern, dass wir Ihre pers\u00f6nlichen Daten l\u00f6schen. Dies beinhaltet nicht Daten, die wir behalten m\u00fcssen aufgrund von adminstrativen oder gesetzlichen Vorgaben, wie auch f\u00fcr Sicherheitsmassnahmen.<\/p>\n\n\n\n<h2 class=\"wp-block-heading\">Wohin Ihre Daten geschickt werden<\/h2>\n\n\n\n<p>Kommentare k\u00f6nnen durch eine automatisierte Spam Detection Software gepr\u00fcft werden.<\/p>\n","protected":false},"excerpt":{"rendered":"<p>Die Website Adresse lautet: www.steinzeitbirnen.moeglichraum.ch Kommentare Wenn Besucher Kommentare auf dieser Seite hinterlassen, sammeln wir die eingegebenen Daten und die IP Adresse der Besucher und den &#8222;browser user agent string&#8220;, um Spam identifizieren zu k\u00f6nnen. Gravatar Service An anonymized string created from your email address (also called a hash) may be provided to the Gravatar &hellip; <\/p>\n<p class=\"link-more\"><a href=\"https:\/\/steinzeitbirnen.moeglichraum.ch\/index.php\/privacy-policy\/\" class=\"more-link\"><span class=\"screen-reader-text\">\u201eDatenschutzerkl\u00e4rung\u201c<\/span> weiterlesen<\/a><\/p>\n","protected":false},"author":1,"featured_media":0,"parent":0,"menu_order":0,"comment_status":"closed","ping_status":"open","template":"","meta":{"footnotes":""},"class_list":["post-3","page","type-page","status-publish","hentry"],"_links":{"self":[{"href":"https:\/\/steinzeitbirnen.moeglichraum.ch\/index.php\/wp-json\/wp\/v2\/pages\/3","targetHints":{"allow":["GET"]}}],"collection":[{"href":"https:\/\/steinzeitbirnen.moeglichraum.ch\/index.php\/wp-json\/wp\/v2\/pages"}],"about":[{"href":"https:\/\/steinzeitbirnen.moeglichraum.ch\/index.php\/wp-json\/wp\/v2\/types\/page"}],"author":[{"embeddable":true,"href":"https:\/\/steinzeitbirnen.moeglichraum.ch\/index.php\/wp-json\/wp\/v2\/users\/1"}],"replies":[{"embeddable":true,"href":"https:\/\/steinzeitbirnen.moeglichraum.ch\/index.php\/wp-json\/wp\/v2\/comments?post=3"}],"version-history":[{"count":3,"href":"https:\/\/steinzeitbirnen.moeglichraum.ch\/index.php\/wp-json\/wp\/v2\/pages\/3\/revisions"}],"predecessor-version":[{"id":151,"href":"https:\/\/steinzeitbirnen.moeglichraum.ch\/index.php\/wp-json\/wp\/v2\/pages\/3\/revisions\/151"}],"wp:attachment":[{"href":"https:\/\/steinzeitbirnen.moeglichraum.ch\/index.php\/wp-json\/wp\/v2\/media?parent=3"}],"curies":[{"name":"wp","href":"https:\/\/api.w.org\/{rel}","templated":true}]}}